{"id":349,"date":"2023-09-04T14:57:49","date_gmt":"2023-09-04T14:57:49","guid":{"rendered":"https:\/\/aollo.es\/politica-de-cookies\/"},"modified":"2023-09-06T13:50:29","modified_gmt":"2023-09-06T13:50:29","slug":"politica-de-cookies","status":"publish","type":"page","link":"https:\/\/aollo.es\/es_es\/politica-de-cookies\/","title":{"rendered":"POL\u00cdTICA DE COOKIES"},"content":{"rendered":"\t\t<div data-elementor-type=\"wp-page\" data-elementor-id=\"349\" class=\"elementor elementor-349\" data-elementor-post-type=\"page\">\n\t\t\t\t\t\t<section class=\"elementor-section elementor-top-section elementor-element elementor-element-54f11983 elementor-section-boxed elementor-section-height-default elementor-section-height-default\" data-id=\"54f11983\" data-element_type=\"section\" data-e-type=\"section\">\n\t\t\t\t\t\t<div class=\"elementor-container elementor-column-gap-default\">\n\t\t\t\t\t<div class=\"elementor-column elementor-col-100 elementor-top-column elementor-element elementor-element-3f67f42f\" data-id=\"3f67f42f\" data-element_type=\"column\" data-e-type=\"column\">\n\t\t\t<div class=\"elementor-widget-wrap elementor-element-populated\">\n\t\t\t\t\t\t<div class=\"elementor-element elementor-element-35af008b elementor-widget elementor-widget-image\" data-id=\"35af008b\" data-element_type=\"widget\" data-e-type=\"widget\" data-widget_type=\"image.default\">\n\t\t\t\t<div class=\"elementor-widget-container\">\n\t\t\t\t\t\t\t\t\t\t\t\t\t\t\t<img decoding=\"async\" width=\"153\" height=\"155\" src=\"https:\/\/aollo.es\/wp-content\/uploads\/2023\/09\/logo-aollo-footer.svg\" class=\"attachment-large size-large wp-image-241\" alt=\"\" \/>\t\t\t\t\t\t\t\t\t\t\t\t\t\t\t<\/div>\n\t\t\t\t<\/div>\n\t\t\t\t<div class=\"elementor-element elementor-element-5c680b90 elementor-widget elementor-widget-text-editor\" data-id=\"5c680b90\" data-element_type=\"widget\" data-e-type=\"widget\" data-widget_type=\"text-editor.default\">\n\t\t\t\t<div class=\"elementor-widget-container\">\n\t\t\t\t\t\t\t\t\t<h2 class=\"p1\"><span style=\"color: var( --e-global-color-secondary ); font-family: inherit; font-size: 2rem;\">Pol\u00edtica de cookies&nbsp;<\/span><br><\/h2>\n<p class=\"p1\">La presente pol\u00edtica de cookies tiene por finalidad informar de manera clara y precisa sobre las cookies que se utilizan en la p\u00e1gina web<\/p>\n<p class=\"p2\">Identificaci\u00f3n del responsable del tratamiento&nbsp;<span style=\"color: var( --e-global-color-text ); font-family: var( --e-global-typography-text-font-family ), Sans-serif; font-size: var( --e-global-typography-text-font-size );\"><b>ABICA GRAN VIA S.L.<\/b><\/span><span style=\"color: var( --e-global-color-text ); font-family: var( --e-global-typography-text-font-family ), Sans-serif; font-size: var( --e-global-typography-text-font-size ); font-weight: var( --e-global-typography-text-font-weight );\"> con domicilio social en c\/ Florida 14, bajo, 15001, A Coru\u00f1a, y&nbsp;&nbsp;<\/span><span style=\"color: var( --e-global-color-text ); font-family: var( --e-global-typography-text-font-family ), Sans-serif; font-size: var( --e-global-typography-text-font-size ); font-weight: var( --e-global-typography-text-font-weight );\">CIF: B-05289988.<\/span><span class=\"Apple-converted-space\" style=\"color: var( --e-global-color-text ); font-family: var( --e-global-typography-text-font-family ), Sans-serif; font-size: var( --e-global-typography-text-font-size ); font-weight: var( --e-global-typography-text-font-weight );\">&nbsp;<\/span><\/p>\n<p class=\"p2\"><b>\u00bfQu\u00e9 son las cookies?<span class=\"Apple-converted-space\">&nbsp;<\/span><\/b><\/p>\n<p class=\"p3\">Una cookie es un peque\u00f1o archivo que se descargan e instalan de forma autom\u00e1tica en el dispositivo del usuario a trav\u00e9s de su navegador (Internet Explorer, Firefox, Chrome, Safari, entre otros) al visitar un sitio Web.<\/p>\n<p class=\"p3\">En general, estas tecnolog\u00edas pueden servir para finalidades muy diversas, como, por ejemplo, reconocerle como usuario, obtener informaci\u00f3n sobre sus h\u00e1bitos de navegaci\u00f3n, o personalizar la forma en que se muestra el contenido, etc.<\/p>\n<p class=\"p3\">Los usos concretos que hacemos de estas tecnolog\u00edas se describen a continuaci\u00f3n.<\/p>\n<p class=\"p5\">Clasificaci\u00f3n y tipos de cookies utilizadas<\/p>\n<p class=\"p5\">Las cookies se clasifican seg\u00fan la entidad que las gestione, seg\u00fan su finalidad y seg\u00fan el plazo de tiempo que permanecen activas.<\/p>\n<ul class=\"ul1\">\n<li class=\"li7\"><span class=\"s1\"><b>Cookies<\/b><\/span><b> seg\u00fan la entidad que las gestione<\/b><\/li>\n<\/ul>\n<ul class=\"ul1\">\n<li style=\"list-style-type: none;\">\n<ul class=\"ul1\">\n<li class=\"li9\"><b>Cookies propias:<\/b>&nbsp;Son cookies creadas por este Sitio Web y que solo puede leer el propio sitio.<\/li>\n<\/ul>\n<\/li>\n<\/ul>\n<ul class=\"ul1\">\n<li style=\"list-style-type: none;\">\n<ul class=\"ul1\">\n<li class=\"li9\"><b>Cookies de terceros:<\/b>&nbsp;Son las creadas y gestionas por otras entidades, como prestadores de servicios publicitarios, de personalizaci\u00f3n o an\u00e1lisis, estos terceros nos pueden reportar datos an\u00f3nimos.<\/li>\n<\/ul>\n<\/li>\n<\/ul>\n<ul class=\"ul1\">\n<li class=\"li7\"><b>Cookies seg\u00fan su finalidad.<\/b><\/li>\n<\/ul>\n<ul class=\"ul1\">\n<li style=\"list-style-type: none;\">\n<ul class=\"ul1\">\n<li class=\"li9\"><b>Cookies estrictamente necesarias:<\/b> Son aquellas que le permiten navegar por la p\u00e1gina web y usar sus funciones esenciales. Sin las cookies estrictamente necesarias la p\u00e1gina web no puede funcionar adecuadamente. Algunos ejemplos de cookies estrictamente necesarias son controlar el tr\u00e1fico y la comunicaci\u00f3n de datos, identificar la sesi\u00f3n, acceder a partes de acceso restringido, utilizar elementos de seguridad durante la navegaci\u00f3n, etc.<\/li>\n<\/ul>\n<\/li>\n<\/ul>\n<ul class=\"ul1\">\n<li style=\"list-style-type: none;\">\n<ul class=\"ul1\">\n<li class=\"li9\"><b>Cookies de preferencias o personalizaci\u00f3n:<\/b> permiten recordar informaci\u00f3n para que el usuario acceda al servicio con determinadas caracter\u00edsticas que pueden diferenciar su experiencia de la de otros usuarios, como, por ejemplo, el idioma, configuraci\u00f3n regional o tipo de navegador.<\/li>\n<\/ul>\n<\/li>\n<\/ul>\n<ul class=\"ul1\">\n<li style=\"list-style-type: none;\">\n<ul class=\"ul1\">\n<li class=\"li9\"><b>Cookies de an\u00e1lisis o medici\u00f3n: <\/b>Permiten al responsable de las mismas el seguimiento y an\u00e1lisis del comportamiento de los usuarios, el an\u00e1lisis estad\u00edstico de la utilizaci\u00f3n que hacen los usuarios del servicio y la cuantificaci\u00f3n de los impactos de los anuncios. Se utilizan en la medici\u00f3n de la actividad de los sitios web, aplicaci\u00f3n o plataforma, con el fin de introducir mejoras en funci\u00f3n del an\u00e1lisis de los datos de uso que hacen los usuarios del servicio.<span class=\"s3\"><span class=\"Apple-converted-space\">&nbsp;<\/span><\/span><\/li>\n<\/ul>\n<\/li>\n<\/ul>\n<p class=\"p13\">Suelen ser Cookies de bajo riesgo para la privacidad si los datos son datos agregados<\/p>\n<ul class=\"ul1\">\n<li style=\"list-style-type: none;\">\n<ul class=\"ul1\">\n<li class=\"li9\"><b>Cookies de publicidad comportamental<\/b>: son aquellas que almacenan informaci\u00f3n del comportamiento de los usuarios obtenida a trav\u00e9s de la observaci\u00f3n continuada de sus h\u00e1bitos de navegaci\u00f3n, lo que permite desarrollar un perfil espec\u00edfico para mostrar publicidad en funci\u00f3n del mismo.<span class=\"Apple-converted-space\">&nbsp;<\/span><\/li>\n<\/ul>\n<\/li>\n<\/ul>\n<ul class=\"ul1\">\n<li style=\"list-style-type: none;\">\n<ul class=\"ul1\">\n<li class=\"li9\"><b>Cookies publicitarias:<\/b>&nbsp;Son aqu\u00e9llas que permiten la gesti\u00f3n, de la forma m\u00e1s eficaz posible, de los espacios publicitarios en base a criterios como el contenido editado o la frecuencia en la que se muestran los anuncios.<\/li>\n<\/ul>\n<\/li>\n<\/ul>\n<ul class=\"ul1\">\n<li class=\"li7\"><b>Cookies seg\u00fan el plazo de tiempo que permanecen activas.<\/b><\/li>\n<\/ul>\n<ul class=\"ul1\">\n<li style=\"list-style-type: none;\">\n<ul class=\"ul1\">\n<li class=\"li9\"><b>Cookies de sesi\u00f3n:<\/b>&nbsp;Dise\u00f1adas para recabar y almacenar datos mientras el usuario accede al sitio web. Se suelen emplear para almacenar informaci\u00f3n que solo interesa conservar para la prestaci\u00f3n del servicio solicitado por el usuario en una sola ocasi\u00f3n.<\/li>\n<\/ul>\n<\/li>\n<\/ul>\n<ul class=\"ul1\">\n<li style=\"list-style-type: none;\">\n<ul class=\"ul1\">\n<li class=\"li9\"><b>Cookies persistentes:<\/b>&nbsp;Son un tipo de cookies en el que los datos siguen almacenados en el terminal y a los que se puede acceder y tratar durante un periodo definido por el responsable de la cookie, y que puede ir de unos minutos a varios a\u00f1os.<\/li>\n<\/ul>\n<\/li>\n<\/ul>\n<p class=\"p15\"><span class=\"Apple-converted-space\">&nbsp;<\/span><\/p>\n<p class=\"p5\"><span class=\"s4\"><b>Cookies utilizadas en este sitio web<span class=\"Apple-converted-space\">&nbsp;<\/span><\/b><\/span><\/p>\n<p class=\"p16\">Introducir el cuadro, descripci\u00f3n de la cookie, propietarios y plazo de caducidad<\/p>\n<p class=\"p18\"><span class=\"s4\"><b>M\u00e1s informaci\u00f3n acerca de las cookies utilizadas<\/b><\/span><\/p>\n<p class=\"p16\"><b>Cookie de an\u00e1lisis y estad\u00edsticas. <\/b>Las cookies de an\u00e1lisis y estad\u00edsticas son aquellas que nos permiten cuantificar el n\u00famero de usuarios y as\u00ed realizar la medici\u00f3n y an\u00e1lisis estad\u00edstico de la utilizaci\u00f3n que hacen los usuarios del servicio ofertado. Para ello se analiza su navegaci\u00f3n en nuestra p\u00e1gina web con el fin de mejorar la oferta de productos o servicios que le ofrecemos.<span class=\"Apple-converted-space\">&nbsp;<\/span><\/p>\n<p class=\"p3\"><span class=\"s1\">+ <\/span>informaci\u00f3n sobre Google<span class=\"s1\"><span class=\"Apple-converted-space\">&nbsp;<\/span><\/span><\/p>\n<p class=\"p16\"><b>Publicitarias comportamentales<\/b>. Son aquellas que, tratadas por nosotros o por terceros, nos permiten analizar sus h\u00e1bitos de navegaci\u00f3n en Internet para que podamos mostrarle publicidad relacionada con su perfil de navegaci\u00f3n.<\/p>\n<p class=\"p16\"><span class=\"s4\"><b>Base jur\u00eddica y periodo de retenci\u00f3n<\/b><\/span><\/p>\n<p class=\"p2\">La base jur\u00eddica del tratamiento de determinados datos personales (p.ej., datos de identificadores de dispositivos o direcciones IP) para las finalidades indicadas en el cuadro anterior es el consentimiento del usuario, que otorga conforme se establece en el banner informativo y en esta pol\u00edtica, excepto<span class=\"s1\"> aquellas cookies que sean estrictamente necesarias para la navegaci\u00f3n por nuestro sitio web<\/span><span class=\"Apple-converted-space\">&nbsp;<\/span><\/p>\n<p class=\"p2\">El periodo de retenci\u00f3n de tus datos personales es el establecido para cada Cookie en la tabla de Cookies utilizadas.<\/p>\n<p class=\"p5\"><span class=\"s4\"><b>Consentimiento&nbsp;<\/b><\/span><\/p>\n<p class=\"p2\">Para poder instalar las cookies en el dispositivo del usuario solicitamos el consentimiento que \u00e9ste otorga expresamente al pulsar el bot\u00f3n &#8220;permitir&#8221; del banner.<span class=\"Apple-converted-space\">&nbsp;<\/span><\/p>\n<p class=\"p5\"><span class=\"s4\"><b>Comunicaciones y transferencias internacionales de datos<span class=\"Apple-converted-space\">&nbsp;<\/span><\/b><\/span><\/p>\n<p class=\"p2\">Las cookies de terceros utilizadas en esta p\u00e1gina web pertenecen al proveedor se\u00f1alado en el cuadro, que pueden estar situados en Estados Unidos o en otros lugares fuera del Espacio Econ\u00f3mico Europeo. <b>Esos territorios podr\u00edan no proporcionar un nivel de protecci\u00f3n de tus datos personales equivalente al de la Uni\u00f3n Europea.<\/b><\/p>\n<p class=\"p5\"><span class=\"s4\"><b>Desactivaci\u00f3n de las cookies<\/b><\/span><\/p>\n<p class=\"p2\">Para revocar el consentimiento tan solo debe activar los botones que le hemos facilitado o configurar el navegador para que rechace las cookies. Tambi\u00e9n deber\u00e1 borrar el historial para eliminar las ya instaladas.<\/p>\n<p class=\"p2\">Adem\u00e1s de los botones de configuraci\u00f3n de cookies de esta pol\u00edtica, a continuaci\u00f3n, facilitamos los enlaces con la informaci\u00f3n necesaria para desactivar las cookies de los navegadores m\u00e1s utilizados:<\/p>\n<table class=\"t1\" cellspacing=\"0\" cellpadding=\"0\">\n<tbody>\n<tr>\n<td class=\"td1\" valign=\"middle\">\n<p class=\"p5\">Google Chrome<\/p>\n<\/td>\n<td class=\"td1\" valign=\"middle\">\n<p class=\"p20\">M\u00e1s informaci\u00f3n<\/p>\n<\/td>\n<\/tr>\n<tr>\n<td class=\"td1\" valign=\"middle\">\n<p class=\"p5\">Google Chrome para m\u00f3viles<\/p>\n<\/td>\n<td class=\"td1\" valign=\"middle\">\n<p class=\"p20\">M\u00e1s informaci\u00f3n<\/p>\n<\/td>\n<\/tr>\n<tr>\n<td class=\"td1\" valign=\"middle\">\n<p class=\"p5\">Microsoft Edge<\/p>\n<\/td>\n<td class=\"td1\" valign=\"middle\">\n<p class=\"p20\">M\u00e1s informaci\u00f3n<\/p>\n<\/td>\n<\/tr>\n<tr>\n<td class=\"td1\" valign=\"middle\">\n<p class=\"p5\">Mozilla Firefox<\/p>\n<\/td>\n<td class=\"td1\" valign=\"middle\">\n<p class=\"p20\">M\u00e1s Informaci\u00f3n<\/p>\n<\/td>\n<\/tr>\n<tr>\n<td class=\"td1\" valign=\"middle\">\n<p class=\"p5\">\u00d3pera<\/p>\n<\/td>\n<td class=\"td1\" valign=\"middle\">\n<p class=\"p20\">M\u00e1s informaci\u00f3n<\/p>\n<\/td>\n<\/tr>\n<tr>\n<td class=\"td1\" valign=\"middle\">\n<p class=\"p5\">Safari<\/p>\n<\/td>\n<td class=\"td1\" valign=\"middle\">\n<p class=\"p20\">M\u00e1s informaci\u00f3n<\/p>\n<\/td>\n<\/tr>\n<\/tbody>\n<\/table>\n<p class=\"p5\"><span class=\"s4\"><b>Derechos de los usuarios<\/b><\/span><\/p>\n<p class=\"p2\">El usuario puede ejercitar los derechos de acceso, rectificaci\u00f3n, supresi\u00f3n, oposici\u00f3n, limitaci\u00f3n del tratamiento y portabilidad, cuando correspondan, as\u00ed como revocar su consentimiento en<b>&nbsp;<\/b><a href=\"mailto:protecciondedatos@abica.es\" target=\"_blank\"><b>protecciondedatos@abica.es<\/b>&nbsp;<\/a>su identidad.<\/p>\n<p class=\"p2\">Asimismo, el usuario tiene derecho a presentar una reclamaci\u00f3n ante una autoridad de control competente. En Espa\u00f1a, la autoridad es la Agencia Espa\u00f1ola de Protecci\u00f3n de Datos (www.aepd.es).<\/p>\n<p class=\"p16\"><span class=\"s4\"><b>Mas informaci\u00f3n<\/b><\/span><\/p>\n<p class=\"p16\">Obt\u00e9n m\u00e1s informaci\u00f3n sobre qui\u00e9nes somos, c\u00f3mo puede contactarnos, c\u00f3mo procesamos los datos personales y como puede ejercer sus derechos en nuestra&nbsp;<span class=\"s4\">Pol\u00edtica de privacidad.<\/span><\/p>\t\t\t\t\t\t\t\t<\/div>\n\t\t\t\t<\/div>\n\t\t\t\t\t<\/div>\n\t\t<\/div>\n\t\t\t\t\t<\/div>\n\t\t<\/section>\n\t\t\t\t<\/div>\n\t\t","protected":false},"excerpt":{"rendered":"<p>Pol\u00edtica de cookies&nbsp; La presente pol\u00edtica de cookies tiene por finalidad informar de manera clara y precisa sobre las cookies que se utilizan en la p\u00e1gina web Identificaci\u00f3n del responsable del tratamiento&nbsp;ABICA GRAN VIA S.L. con domicilio social en c\/ Florida 14, bajo, 15001, A Coru\u00f1a, y&nbsp;&nbsp;CIF: B-05289988.&nbsp; \u00bfQu\u00e9 son las cookies?&nbsp; Una cookie es [&hellip;]<\/p>\n","protected":false},"author":2,"featured_media":0,"parent":0,"menu_order":0,"comment_status":"closed","ping_status":"closed","template":"","meta":{"_monsterinsights_skip_tracking":false,"_monsterinsights_sitenote_active":false,"_monsterinsights_sitenote_note":"","_monsterinsights_sitenote_category":0,"footnotes":""},"class_list":["post-349","page","type-page","status-publish","hentry"],"_links":{"self":[{"href":"https:\/\/aollo.es\/es_es\/wp-json\/wp\/v2\/pages\/349","targetHints":{"allow":["GET"]}}],"collection":[{"href":"https:\/\/aollo.es\/es_es\/wp-json\/wp\/v2\/pages"}],"about":[{"href":"https:\/\/aollo.es\/es_es\/wp-json\/wp\/v2\/types\/page"}],"author":[{"embeddable":true,"href":"https:\/\/aollo.es\/es_es\/wp-json\/wp\/v2\/users\/2"}],"replies":[{"embeddable":true,"href":"https:\/\/aollo.es\/es_es\/wp-json\/wp\/v2\/comments?post=349"}],"version-history":[{"count":7,"href":"https:\/\/aollo.es\/es_es\/wp-json\/wp\/v2\/pages\/349\/revisions"}],"predecessor-version":[{"id":821,"href":"https:\/\/aollo.es\/es_es\/wp-json\/wp\/v2\/pages\/349\/revisions\/821"}],"wp:attachment":[{"href":"https:\/\/aollo.es\/es_es\/wp-json\/wp\/v2\/media?parent=349"}],"curies":[{"name":"wp","href":"https:\/\/api.w.org\/{rel}","templated":true}]}}