{"id":333,"date":"2023-09-04T14:57:46","date_gmt":"2023-09-04T14:57:46","guid":{"rendered":"https:\/\/aollo.es\/aviso-legal\/"},"modified":"2023-09-06T13:49:51","modified_gmt":"2023-09-06T13:49:51","slug":"aviso-legal","status":"publish","type":"page","link":"https:\/\/aollo.es\/es_es\/aviso-legal\/","title":{"rendered":"AVISO LEGAL"},"content":{"rendered":"\t\t<div data-elementor-type=\"wp-page\" data-elementor-id=\"333\" class=\"elementor elementor-333\" data-elementor-post-type=\"page\">\n\t\t\t\t\t\t<section class=\"elementor-section elementor-top-section elementor-element elementor-element-6182f0b1 elementor-section-boxed elementor-section-height-default elementor-section-height-default\" data-id=\"6182f0b1\" data-element_type=\"section\" data-e-type=\"section\">\n\t\t\t\t\t\t<div class=\"elementor-container elementor-column-gap-default\">\n\t\t\t\t\t<div class=\"elementor-column elementor-col-100 elementor-top-column elementor-element elementor-element-1c784c68\" data-id=\"1c784c68\" data-element_type=\"column\" data-e-type=\"column\">\n\t\t\t<div class=\"elementor-widget-wrap elementor-element-populated\">\n\t\t\t\t\t\t<div class=\"elementor-element elementor-element-1642217a elementor-widget elementor-widget-image\" data-id=\"1642217a\" data-element_type=\"widget\" data-e-type=\"widget\" data-widget_type=\"image.default\">\n\t\t\t\t<div class=\"elementor-widget-container\">\n\t\t\t\t\t\t\t\t\t\t\t\t\t\t\t<img decoding=\"async\" width=\"153\" height=\"155\" src=\"https:\/\/aollo.es\/wp-content\/uploads\/2023\/09\/logo-aollo-footer.svg\" class=\"attachment-large size-large wp-image-241\" alt=\"\" \/>\t\t\t\t\t\t\t\t\t\t\t\t\t\t\t<\/div>\n\t\t\t\t<\/div>\n\t\t\t\t<div class=\"elementor-element elementor-element-7b27b6a0 elementor-widget elementor-widget-text-editor\" data-id=\"7b27b6a0\" data-element_type=\"widget\" data-e-type=\"widget\" data-widget_type=\"text-editor.default\">\n\t\t\t\t<div class=\"elementor-widget-container\">\n\t\t\t\t\t\t\t\t\t<h2>AVISO LEGAL<\/h2><p><b>Informaci\u00f3n General\u00a0<\/b><\/p><p>Titular del sitio web: <strong>ABICA CONCEPTS, SL<\/strong><br \/>CIF: B42723379<br \/>C\/ Emilia Pardo Baz\u00e1n, 14, bj<br \/>15005 A Coru\u00f1a<\/p><p>Correo electr\u00f3nico:<b>\u00a0<br \/><\/b><a style=\"font-family: var( --e-global-typography-text-font-family ), Sans-serif; font-size: var( --e-global-typography-text-font-size ); background-color: #ffffff;\" href=\"mailto:protecciondedatos@abica.es\" target=\"_blank\" rel=\"noopener\"><b>protecciondedatos@abica.es<\/b><\/a><\/p><p>ABICA GRAN VIA S.L. es una entidad inscrita en el Registro Mercantil de A Coru\u00f1a, Tomo 3740 Folio 43, Inscripci\u00f3n N\u00ba 2559, Hoja C-60.282<\/p><p>Con \u00e1nimo de que el uso del Sito Web se ajuste a criterios de transparencia, claridad y sencillez, se informa al usuario que cualquier sugerencia, duda o consulta sobre el presente Aviso Legal o cualquier otro documento informativo del sitio web ser\u00e1 recibida y solucionada contactando con nosotros trav\u00e9s de la direcci\u00f3n de correo electr\u00f3nico especificada. \u00a0<\/p><p><b>Propiedad Intelectual<\/b><\/p><p>Todos los contenidos que se muestran en el presente sitio web, y en especial dise\u00f1os, textos, im\u00e1genes, logos, iconos, nombres comerciales, marcas o cualquier otra informaci\u00f3n susceptible de utilizaci\u00f3n industrial y\/o comercial est\u00e1n protegidos por los correspondientes derechos de autor, no permitiendo su reproducci\u00f3n, transmisi\u00f3n o registro de informaci\u00f3n salvo autorizaci\u00f3n previa del titular.\u00a0<\/p><p><b>Enlaces<\/b><\/p><p>La entidad no asume ninguna responsabilidad sobre los enlaces hac\u00eda otros sitios o p\u00e1ginas web que, en su caso, pudieran incluirse en el mismo, ya que no tiene ning\u00fan tipo de control sobre los mismos, por lo que el usuario accede bajo su exclusiva responsabilidad al contenido y en las condiciones de uso que rijan en los mismos.<\/p>\t\t\t\t\t\t\t\t<\/div>\n\t\t\t\t<\/div>\n\t\t\t\t\t<\/div>\n\t\t<\/div>\n\t\t\t\t\t<\/div>\n\t\t<\/section>\n\t\t\t\t<\/div>\n\t\t","protected":false},"excerpt":{"rendered":"<p>AVISO LEGAL Informaci\u00f3n General\u00a0 Titular del sitio web: ABICA CONCEPTS, SLCIF: B42723379C\/ Emilia Pardo Baz\u00e1n, 14, bj15005 A Coru\u00f1a Correo electr\u00f3nico:\u00a0protecciondedatos@abica.es ABICA GRAN VIA S.L. es una entidad inscrita en el Registro Mercantil de A Coru\u00f1a, Tomo 3740 Folio 43, Inscripci\u00f3n N\u00ba 2559, Hoja C-60.282 Con \u00e1nimo de que el uso del Sito Web se [&hellip;]<\/p>\n","protected":false},"author":2,"featured_media":0,"parent":0,"menu_order":0,"comment_status":"closed","ping_status":"closed","template":"","meta":{"_monsterinsights_skip_tracking":false,"_monsterinsights_sitenote_active":false,"_monsterinsights_sitenote_note":"","_monsterinsights_sitenote_category":0,"footnotes":""},"class_list":["post-333","page","type-page","status-publish","hentry"],"_links":{"self":[{"href":"https:\/\/aollo.es\/es_es\/wp-json\/wp\/v2\/pages\/333","targetHints":{"allow":["GET"]}}],"collection":[{"href":"https:\/\/aollo.es\/es_es\/wp-json\/wp\/v2\/pages"}],"about":[{"href":"https:\/\/aollo.es\/es_es\/wp-json\/wp\/v2\/types\/page"}],"author":[{"embeddable":true,"href":"https:\/\/aollo.es\/es_es\/wp-json\/wp\/v2\/users\/2"}],"replies":[{"embeddable":true,"href":"https:\/\/aollo.es\/es_es\/wp-json\/wp\/v2\/comments?post=333"}],"version-history":[{"count":7,"href":"https:\/\/aollo.es\/es_es\/wp-json\/wp\/v2\/pages\/333\/revisions"}],"predecessor-version":[{"id":818,"href":"https:\/\/aollo.es\/es_es\/wp-json\/wp\/v2\/pages\/333\/revisions\/818"}],"wp:attachment":[{"href":"https:\/\/aollo.es\/es_es\/wp-json\/wp\/v2\/media?parent=333"}],"curies":[{"name":"wp","href":"https:\/\/api.w.org\/{rel}","templated":true}]}}