{"id":343,"date":"2023-09-04T14:57:48","date_gmt":"2023-09-04T14:57:48","guid":{"rendered":"https:\/\/aollo.es\/la-cantina\/"},"modified":"2024-11-07T09:35:51","modified_gmt":"2024-11-07T09:35:51","slug":"la-cantina","status":"publish","type":"page","link":"https:\/\/aollo.es\/en\/la-cantina\/","title":{"rendered":"the canteen"},"content":{"rendered":"\t\t<div data-elementor-type=\"wp-page\" data-elementor-id=\"343\" class=\"elementor elementor-343\" data-elementor-post-type=\"page\">\n\t\t\t\t<div class=\"elementor-element elementor-element-5e18a38 animated-slow e-con-full e-flex elementor-invisible e-con e-parent\" data-id=\"5e18a38\" data-element_type=\"container\" data-e-type=\"container\" data-settings=\"{&quot;background_background&quot;:&quot;slideshow&quot;,&quot;animation&quot;:&quot;fadeIn&quot;,&quot;background_slideshow_gallery&quot;:[{&quot;id&quot;:&quot;166&quot;,&quot;url&quot;:&quot;https:\\\/\\\/aollo.es\\\/wp-content\\\/uploads\\\/2023\\\/09\\\/LETAVERNIER-INTERIORISMO-REPORTAJE-40.jpg&quot;},{&quot;id&quot;:&quot;167&quot;,&quot;url&quot;:&quot;https:\\\/\\\/aollo.es\\\/wp-content\\\/uploads\\\/2023\\\/09\\\/AOLLO-LA-CANTINA-terraza.jpg&quot;},{&quot;id&quot;:&quot;168&quot;,&quot;url&quot;:&quot;https:\\\/\\\/aollo.es\\\/wp-content\\\/uploads\\\/2023\\\/09\\\/madrid-aollo.jpg&quot;}],&quot;background_slideshow_transition_duration&quot;:5000,&quot;background_slideshow_loop&quot;:&quot;yes&quot;,&quot;background_slideshow_slide_duration&quot;:5000,&quot;background_slideshow_slide_transition&quot;:&quot;fade&quot;}\">\n\t\t<div class=\"elementor-element elementor-element-77bed53 e-con-full e-flex e-con e-child\" data-id=\"77bed53\" data-element_type=\"container\" data-e-type=\"container\">\n\t\t\t\t<div class=\"elementor-element elementor-element-da2585e elementor-widget elementor-widget-image\" data-id=\"da2585e\" data-element_type=\"widget\" data-e-type=\"widget\" data-widget_type=\"image.default\">\n\t\t\t\t<div class=\"elementor-widget-container\">\n\t\t\t\t\t\t\t\t\t\t\t\t\t\t\t<img decoding=\"async\" width=\"183\" height=\"182\" src=\"https:\/\/aollo.es\/wp-content\/uploads\/2023\/09\/logo-blanco.svg\" class=\"attachment-large size-large wp-image-164\" alt=\"\" \/>\t\t\t\t\t\t\t\t\t\t\t\t\t\t\t<\/div>\n\t\t\t\t<\/div>\n\t\t\t\t<div class=\"elementor-element elementor-element-1fc56a7 elementor-widget__width-inherit elementor-widget elementor-widget-heading\" data-id=\"1fc56a7\" data-element_type=\"widget\" data-e-type=\"widget\" data-widget_type=\"heading.default\">\n\t\t\t\t<div class=\"elementor-widget-container\">\n\t\t\t\t\t<h2 class=\"elementor-heading-title elementor-size-default\">Disfruta de las mejores vistas de Madrid y saborea la \"<b>cocina heredada<\/b> actual\" del restaurante <b>A\u2019OLLO<\/b> Gran V\u00eda.<\/h2>\t\t\t\t<\/div>\n\t\t\t\t<\/div>\n\t\t\t\t<div class=\"elementor-element elementor-element-87f6c2e elementor-view-default elementor-widget elementor-widget-icon\" data-id=\"87f6c2e\" data-element_type=\"widget\" data-e-type=\"widget\" data-widget_type=\"icon.default\">\n\t\t\t\t<div class=\"elementor-widget-container\">\n\t\t\t\t\t\t\t<div class=\"elementor-icon-wrapper\">\n\t\t\t<a class=\"elementor-icon\" href=\"#reserva\">\n\t\t\t<svg aria-hidden=\"true\" class=\"e-font-icon-svg e-fas-angle-down\" viewBox=\"0 0 320 512\" xmlns=\"http:\/\/www.w3.org\/2000\/svg\"><path d=\"M143 352.3L7 216.3c-9.4-9.4-9.4-24.6 0-33.9l22.6-22.6c9.4-9.4 24.6-9.4 33.9 0l96.4 96.4 96.4-96.4c9.4-9.4 24.6-9.4 33.9 0l22.6 22.6c9.4 9.4 9.4 24.6 0 33.9l-136 136c-9.2 9.4-24.4 9.4-33.8 0z\"><\/path><\/svg>\t\t\t<\/a>\n\t\t<\/div>\n\t\t\t\t\t\t<\/div>\n\t\t\t\t<\/div>\n\t\t\t\t<div class=\"elementor-element elementor-element-23b3f0f elementor-fixed elementor-widget elementor-widget-image\" data-id=\"23b3f0f\" data-element_type=\"widget\" data-e-type=\"widget\" data-settings=\"{&quot;_position&quot;:&quot;fixed&quot;}\" data-widget_type=\"image.default\">\n\t\t\t\t<div class=\"elementor-widget-container\">\n\t\t\t\t\t\t\t\t\t\t\t\t\t\t\t\t<a href=\"https:\/\/aollo.es\/en\/reservas\/\">\n\t\t\t\t\t\t\t<img decoding=\"async\" width=\"194\" height=\"204\" src=\"https:\/\/aollo.es\/wp-content\/uploads\/2023\/09\/RESERVASaollo.png\" class=\"elementor-animation-grow attachment-large size-large wp-image-308\" alt=\"\" srcset=\"https:\/\/aollo.es\/wp-content\/uploads\/2023\/09\/RESERVASaollo.png 194w, https:\/\/aollo.es\/wp-content\/uploads\/2023\/09\/RESERVASaollo-11x12.png 11w\" sizes=\"(max-width: 194px) 100vw, 194px\" \/>\t\t\t\t\t\t\t\t<\/a>\n\t\t\t\t\t\t\t\t\t\t\t\t\t\t\t<\/div>\n\t\t\t\t<\/div>\n\t\t\t\t<\/div>\n\t\t\t\t<\/div>\n\t\t<div class=\"elementor-element elementor-element-04c08a2 animated-slow e-con-full e-flex elementor-invisible e-con e-parent\" data-id=\"04c08a2\" data-element_type=\"container\" data-e-type=\"container\" id=\"reserva\" data-settings=\"{&quot;animation&quot;:&quot;slideInUp&quot;,&quot;background_background&quot;:&quot;classic&quot;}\">\n\t\t<div class=\"elementor-element elementor-element-3a44ff3 e-con-full e-flex e-con e-child\" data-id=\"3a44ff3\" data-element_type=\"container\" data-e-type=\"container\">\n\t\t\t\t<div class=\"elementor-element elementor-element-411f0ed elementor-cta--layout-image-right elementor-cta--valign-middle elementor-cta--mobile-layout-image-above elementor-cta--tablet-layout-image-above elementor-cta--skin-classic elementor-animated-content elementor-widget elementor-widget-call-to-action\" data-id=\"411f0ed\" data-element_type=\"widget\" data-e-type=\"widget\" id=\"seccion3\" data-widget_type=\"call-to-action.default\">\n\t\t\t\t<div class=\"elementor-widget-container\">\n\t\t\t\t\t\t\t<div class=\"elementor-cta\">\n\t\t\t\t\t<div class=\"elementor-cta__bg-wrapper\">\n\t\t\t\t<div class=\"elementor-cta__bg elementor-bg\" style=\"background-image: url(https:\/\/aollo.es\/wp-content\/uploads\/2023\/12\/aollo-restaurante-gran-via-madrid-arroz-1024x683.jpg);\" role=\"img\" aria-label=\"aollo restaurante gran via madrid arroz\"><\/div>\n\t\t\t\t<div class=\"elementor-cta__bg-overlay\"><\/div>\n\t\t\t<\/div>\n\t\t\t\t\t\t\t<div class=\"elementor-cta__content\">\n\t\t\t\t\n\t\t\t\t\t\t\t\t\t<h2 class=\"elementor-cta__title elementor-cta__content-item elementor-content-item\">\n\t\t\t\t\t\tA\u2019OLLO, un lugar de esp\u00edritu alegre donde vivir un momento especial, disfrutar de una comida de negocios o entre amigos y relajarse en un ambiente agradable en el centro de Madrid. Nos mueve el sabor y la calidad del producto de siempre, pero lo que m\u00e1s nos motiva es la hospitalidad y el servicio para que te sientas \"un dos nosos\".\t\t\t\t\t<\/h2>\n\t\t\t\t\n\t\t\t\t\n\t\t\t\t\t\t\t\t\t<div class=\"elementor-cta__button-wrapper elementor-cta__content-item elementor-content-item \">\n\t\t\t\t\t<a class=\"elementor-cta__button elementor-button elementor-size-\" href=\"https:\/\/aollo.es\/en\/reservas\/\">\n\t\t\t\t\t\t\u00a1reserva aqu\u00ed tu mesa!\t\t\t\t\t<\/a>\n\t\t\t\t\t<\/div>\n\t\t\t\t\t\t\t<\/div>\n\t\t\t\t\t\t<\/div>\n\t\t\t\t\t\t<\/div>\n\t\t\t\t<\/div>\n\t\t\t\t<\/div>\n\t\t\t\t<\/div>\n\t\t<div class=\"elementor-element elementor-element-5ec90b7 animated-slow elementor-hidden-phone e-con-full e-flex elementor-invisible e-con e-parent\" data-id=\"5ec90b7\" data-element_type=\"container\" data-e-type=\"container\" id=\"galicia\" data-settings=\"{&quot;background_background&quot;:&quot;classic&quot;,&quot;animation&quot;:&quot;slideInUp&quot;}\">\n\t\t<div class=\"elementor-element elementor-element-aa0aec7 e-con-full e-flex e-con e-child\" data-id=\"aa0aec7\" data-element_type=\"container\" data-e-type=\"container\">\n\t\t\t\t<div class=\"elementor-element elementor-element-0bbd67f elementor-cta--layout-image-right elementor-cta--valign-middle elementor-cta--mobile-layout-image-above elementor-cta--tablet-layout-image-above elementor-cta--skin-classic elementor-animated-content elementor-widget elementor-widget-call-to-action\" data-id=\"0bbd67f\" data-element_type=\"widget\" data-e-type=\"widget\" data-widget_type=\"call-to-action.default\">\n\t\t\t\t<div class=\"elementor-widget-container\">\n\t\t\t\t\t\t\t<div class=\"elementor-cta\">\n\t\t\t\t\t<div class=\"elementor-cta__bg-wrapper\">\n\t\t\t\t<div class=\"elementor-cta__bg elementor-bg\" style=\"background-image: url(https:\/\/aollo.es\/wp-content\/uploads\/2023\/09\/AOLLO-LA-CANTINA-CHULETON-1024x683.jpg);\" role=\"img\" aria-label=\"AOLLO-LA-CANTINA-CHULETON.jpg\"><\/div>\n\t\t\t\t<div class=\"elementor-cta__bg-overlay\"><\/div>\n\t\t\t<\/div>\n\t\t\t\t\t\t\t<div class=\"elementor-cta__content\">\n\t\t\t\t\n\t\t\t\t\t\t\t\t\t<h2 class=\"elementor-cta__title elementor-cta__content-item elementor-content-item\">\n\t\t\t\t\t\tEn Galicia, las sabrosas recetas que preparaban nuestras abuelas no estaban escritas, se dictaban \"a ollo\", y as\u00ed pasaban de generaci\u00f3n en generaci\u00f3n. Nosotros solo le a\u00f1adimos la pizca justa de modernidad y grandes dosis de cari\u00f1o, hospitalidad y diversi\u00f3n.\t\t\t\t\t<\/h2>\n\t\t\t\t\n\t\t\t\t\n\t\t\t\t\t\t\t\t\t<div class=\"elementor-cta__button-wrapper elementor-cta__content-item elementor-content-item \">\n\t\t\t\t\t<a class=\"elementor-cta__button elementor-button elementor-size-\" href=\"https:\/\/aollo.es\/en\/carta\/\">\n\t\t\t\t\t\tver nuestra carta\t\t\t\t\t<\/a>\n\t\t\t\t\t<\/div>\n\t\t\t\t\t\t\t<\/div>\n\t\t\t\t\t\t<\/div>\n\t\t\t\t\t\t<\/div>\n\t\t\t\t<\/div>\n\t\t\t\t<\/div>\n\t\t\t\t<\/div>\n\t\t<div class=\"elementor-element elementor-element-50f7d8d animated-slow elementor-hidden-phone e-flex e-con-boxed elementor-invisible e-con e-parent\" data-id=\"50f7d8d\" data-element_type=\"container\" data-e-type=\"container\" data-settings=\"{&quot;animation_mobile&quot;:&quot;slideInUp&quot;,&quot;animation&quot;:&quot;slideInUp&quot;}\">\n\t\t\t\t\t<div class=\"e-con-inner\">\n\t\t<div class=\"elementor-element elementor-element-133be46 e-con-full e-flex e-con e-child\" data-id=\"133be46\" data-element_type=\"container\" data-e-type=\"container\">\n\t\t\t\t<div class=\"elementor-element elementor-element-7314446 elementor--h-position-left elementor--v-position-bottom elementor-arrows-position-inside elementor-widget elementor-widget-slides\" data-id=\"7314446\" data-element_type=\"widget\" data-e-type=\"widget\" id=\"fotos\" data-settings=\"{&quot;navigation&quot;:&quot;arrows&quot;,&quot;transition&quot;:&quot;fade&quot;,&quot;autoplay&quot;:&quot;yes&quot;,&quot;autoplay_speed&quot;:5000,&quot;infinite&quot;:&quot;yes&quot;,&quot;transition_speed&quot;:500}\" data-widget_type=\"slides.default\">\n\t\t\t\t<div class=\"elementor-widget-container\">\n\t\t\t\t\t\t\t\t\t<div class=\"elementor-swiper\">\n\t\t\t\t\t<div class=\"elementor-slides-wrapper elementor-main-swiper swiper\" role=\"region\" aria-roledescription=\"carousel\" aria-label=\"Diapositivas\" dir=\"ltr\" data-animation=\"fadeInLeft\">\n\t\t\t\t<div class=\"swiper-wrapper elementor-slides\">\n\t\t\t\t\t\t\t\t\t\t<div class=\"elementor-repeater-item-c4fdf89 swiper-slide\" role=\"group\" aria-roledescription=\"slide\"><div class=\"swiper-slide-bg\" role=\"img\" aria-label=\"ARROZ_CARABINEROS\"><\/div><div class=\"elementor-background-overlay\"><\/div><div class=\"swiper-slide-inner\" ><div class=\"swiper-slide-contents\"><div class=\"elementor-slide-heading\">A'OLLO GRAN V\u00cdA<\/div><div class=\"elementor-slide-description\">Arroz de carabineros + Ali-Oli de ajo asado<\/div><\/div><\/div><\/div><div class=\"elementor-repeater-item-0b4a686 swiper-slide\" role=\"group\" aria-roledescription=\"slide\"><div class=\"swiper-slide-bg\" role=\"img\" aria-label=\"aollo restaurante gran via madrid\"><\/div><div class=\"elementor-background-overlay\"><\/div><div class=\"swiper-slide-inner\" ><div class=\"swiper-slide-contents\"><div class=\"elementor-slide-heading\">A'OLLO GRAN V\u00cdA<\/div><div class=\"elementor-slide-description\">Merluza a la brasa<\/div><\/div><\/div><\/div><div class=\"elementor-repeater-item-7c72fc8 swiper-slide\" role=\"group\" aria-roledescription=\"slide\"><div class=\"swiper-slide-bg\" role=\"img\" aria-label=\"456310448_820734343516855_2154709937319063923_n\"><\/div><div class=\"elementor-background-overlay\"><\/div><div class=\"swiper-slide-inner\" ><div class=\"swiper-slide-contents\"><div class=\"elementor-slide-heading\">A'OLLO GRAN V\u00cdA<\/div><div class=\"elementor-slide-description\">Navajas a la brasa<\/div><\/div><\/div><\/div><div class=\"elementor-repeater-item-cb54beb swiper-slide\" role=\"group\" aria-roledescription=\"slide\"><div class=\"swiper-slide-bg\" role=\"img\" aria-label=\"PULPO BRASA\"><\/div><div class=\"elementor-background-overlay\"><\/div><div class=\"swiper-slide-inner\" ><div class=\"swiper-slide-contents\"><div class=\"elementor-slide-heading\">A'OLLO GRAN V\u00cdA<\/div><div class=\"elementor-slide-description\">Pulpo a la brasa<\/div><\/div><\/div><\/div><div class=\"elementor-repeater-item-b51d328 swiper-slide\" role=\"group\" aria-roledescription=\"slide\"><div class=\"swiper-slide-bg\" role=\"img\" aria-label=\"AOLLO-LA-CANTINA-CHULETON.jpg\"><\/div><div class=\"elementor-background-overlay\"><\/div><div class=\"swiper-slide-inner\" ><div class=\"swiper-slide-contents\"><div class=\"elementor-slide-heading\">A'OLLO GRAN V\u00cdA<\/div><div class=\"elementor-slide-description\">Chulet\u00f3n de vaca gallega Marela \/ Mestiza<\/div><\/div><\/div><\/div>\t\t\t\t<\/div>\n\t\t\t\t\t\t\t\t\t\t\t\t\t\t\t<div class=\"elementor-swiper-button elementor-swiper-button-prev\" role=\"button\" tabindex=\"0\" aria-label=\"Diapositiva anterior\">\n\t\t\t\t\t\t\t<svg aria-hidden=\"true\" class=\"e-font-icon-svg e-eicon-chevron-left\" viewBox=\"0 0 1000 1000\" xmlns=\"http:\/\/www.w3.org\/2000\/svg\"><path d=\"M646 125C629 125 613 133 604 142L308 442C296 454 292 471 292 487 292 504 296 521 308 533L604 854C617 867 629 875 646 875 663 875 679 871 692 858 704 846 713 829 713 812 713 796 708 779 692 767L438 487 692 225C700 217 708 204 708 187 708 171 704 154 692 142 675 129 663 125 646 125Z\"><\/path><\/svg>\t\t\t\t\t\t<\/div>\n\t\t\t\t\t\t<div class=\"elementor-swiper-button elementor-swiper-button-next\" role=\"button\" tabindex=\"0\" aria-label=\"Diapositiva siguiente\">\n\t\t\t\t\t\t\t<svg aria-hidden=\"true\" class=\"e-font-icon-svg e-eicon-chevron-right\" viewBox=\"0 0 1000 1000\" xmlns=\"http:\/\/www.w3.org\/2000\/svg\"><path d=\"M696 533C708 521 713 504 713 487 713 471 708 454 696 446L400 146C388 133 375 125 354 125 338 125 325 129 313 142 300 154 292 171 292 187 292 204 296 221 308 233L563 492 304 771C292 783 288 800 288 817 288 833 296 850 308 863 321 871 338 875 354 875 371 875 388 867 400 854L696 533Z\"><\/path><\/svg>\t\t\t\t\t\t<\/div>\n\t\t\t\t\t\t\t\t\t\t\t\t\t\t\t\t\t<\/div>\n\t\t\t\t<\/div>\n\t\t\t\t\t\t\t\t<\/div>\n\t\t\t\t<\/div>\n\t\t\t\t<\/div>\n\t\t\t\t\t<\/div>\n\t\t\t\t<\/div>\n\t\t<div class=\"elementor-element elementor-element-2083d13 animated-slow e-con-full e-flex elementor-invisible e-con e-parent\" data-id=\"2083d13\" data-element_type=\"container\" data-e-type=\"container\" id=\"metros\" data-settings=\"{&quot;background_background&quot;:&quot;classic&quot;,&quot;animation&quot;:&quot;slideInUp&quot;}\">\n\t\t<div class=\"elementor-element elementor-element-239de33 e-con-full e-flex e-con e-child\" data-id=\"239de33\" data-element_type=\"container\" data-e-type=\"container\">\n\t\t\t\t<div class=\"elementor-element elementor-element-b6213f6 elementor-cta--layout-image-right elementor-cta--valign-middle elementor-cta--mobile-layout-image-above elementor-cta--tablet-layout-image-above elementor-cta--skin-classic elementor-animated-content elementor-widget elementor-widget-call-to-action\" data-id=\"b6213f6\" data-element_type=\"widget\" data-e-type=\"widget\" data-widget_type=\"call-to-action.default\">\n\t\t\t\t<div class=\"elementor-widget-container\">\n\t\t\t\t\t\t\t<div class=\"elementor-cta\">\n\t\t\t\t\t<div class=\"elementor-cta__bg-wrapper\">\n\t\t\t\t<div class=\"elementor-cta__bg elementor-bg\" style=\"background-image: url(https:\/\/aollo.es\/wp-content\/uploads\/2023\/09\/AOLLO-LA-CANTINA-12-1024x683.jpg);\" role=\"img\" aria-label=\"AOLLO-LA-CANTINA-12.jpg\"><\/div>\n\t\t\t\t<div class=\"elementor-cta__bg-overlay\"><\/div>\n\t\t\t<\/div>\n\t\t\t\t\t\t\t<div class=\"elementor-cta__content\">\n\t\t\t\t\n\t\t\t\t\t\t\t\t\t<h2 class=\"elementor-cta__title elementor-cta__content-item elementor-content-item\">\n\t\t\t\t\t\t<b>A'OLLO<\/b>, con m\u00e1s de 500 metros cuadrados de restaurante y dos amplias terrazas pensadas para relajarse en una buena sobremesa, podr\u00e1s disfrutar de excelentes vistas a la Gran V\u00eda madrile\u00f1a y su skyline mientras te dejas sorprender por un c\u00f3ctel de autor o degustas una carta centrada en el excelente producto de Galicia, llena de recetas heredadas y dictadas \"a ollo\" con la pizca justa de modernidad.\t\t\t\t\t<\/h2>\n\t\t\t\t\n\t\t\t\t\n\t\t\t\t\t\t\t\t\t<div class=\"elementor-cta__button-wrapper elementor-cta__content-item elementor-content-item \">\n\t\t\t\t\t<a class=\"elementor-cta__button elementor-button elementor-size-\" href=\"https:\/\/aollo.es\/en\/carta\/\">\n\t\t\t\t\t\tcarta\t\t\t\t\t<\/a>\n\t\t\t\t\t<\/div>\n\t\t\t\t\t\t\t<\/div>\n\t\t\t\t\t\t<\/div>\n\t\t\t\t\t\t<\/div>\n\t\t\t\t<\/div>\n\t\t\t\t<\/div>\n\t\t\t\t<\/div>\n\t\t<div class=\"elementor-element elementor-element-d6ff0b7 animated-slow e-con-full e-flex elementor-invisible e-con e-parent\" data-id=\"d6ff0b7\" data-element_type=\"container\" data-e-type=\"container\" data-settings=\"{&quot;background_background&quot;:&quot;classic&quot;,&quot;animation&quot;:&quot;fadeIn&quot;}\">\n\t\t<div class=\"elementor-element elementor-element-c50ff1d animated-slow e-con-full e-flex elementor-invisible e-con e-child\" data-id=\"c50ff1d\" data-element_type=\"container\" data-e-type=\"container\" data-settings=\"{&quot;animation&quot;:&quot;fadeIn&quot;}\">\n\t\t\t\t<div class=\"elementor-element elementor-element-16665b3 elementor-widget__width-inherit elementor-widget elementor-widget-image\" data-id=\"16665b3\" data-element_type=\"widget\" data-e-type=\"widget\" data-widget_type=\"image.default\">\n\t\t\t\t<div class=\"elementor-widget-container\">\n\t\t\t\t\t\t\t\t\t\t\t\t\t\t\t\t<a href=\"https:\/\/letavernier.es\/\">\n\t\t\t\t\t\t\t<img decoding=\"async\" src=\"https:\/\/aollo.es\/wp-content\/uploads\/2023\/09\/letavernier-logo.svg\" class=\"attachment-full size-full wp-image-182\" alt=\"\" \/>\t\t\t\t\t\t\t\t<\/a>\n\t\t\t\t\t\t\t\t\t\t\t\t\t\t\t<\/div>\n\t\t\t\t<\/div>\n\t\t\t\t<div class=\"elementor-element elementor-element-2775ab7 elementor-widget__width-inherit elementor-widget-mobile__width-auto elementor-widget elementor-widget-heading\" data-id=\"2775ab7\" data-element_type=\"widget\" data-e-type=\"widget\" data-widget_type=\"heading.default\">\n\t\t\t\t<div class=\"elementor-widget-container\">\n\t\t\t\t\t<h2 class=\"elementor-heading-title elementor-size-default\"><a href=\"https:\/\/letavernier.es\">Y si te quedas con ganas de m\u00e1s sube una planta y descubre nuestro rooftop m\u00e1s canalla. <\/a><\/h2>\t\t\t\t<\/div>\n\t\t\t\t<\/div>\n\t\t\t\t<div class=\"elementor-element elementor-element-6006f91 elementor-align-center elementor-widget elementor-widget-button\" data-id=\"6006f91\" data-element_type=\"widget\" data-e-type=\"widget\" data-widget_type=\"button.default\">\n\t\t\t\t<div class=\"elementor-widget-container\">\n\t\t\t\t\t\t\t\t\t<div class=\"elementor-button-wrapper\">\n\t\t\t\t\t<a class=\"elementor-button elementor-button-link elementor-size-sm\" href=\"https:\/\/letavernier.es\">\n\t\t\t\t\t\t<span class=\"elementor-button-content-wrapper\">\n\t\t\t\t\t\t\t\t\t<span class=\"elementor-button-text\">\u00a1 vis\u00edtanos !<\/span>\n\t\t\t\t\t<\/span>\n\t\t\t\t\t<\/a>\n\t\t\t\t<\/div>\n\t\t\t\t\t\t\t\t<\/div>\n\t\t\t\t<\/div>\n\t\t\t\t<\/div>\n\t\t\t\t<\/div>\n\t\t\t\t<\/div>\n\t\t","protected":false},"excerpt":{"rendered":"<p>Disfruta de las mejores vistas de Madrid y saborea la &#8220;cocina heredada actual&#8221; del restaurante A\u2019OLLO Gran V\u00eda. A\u2019OLLO, un lugar de esp\u00edritu alegre donde vivir un momento especial, disfrutar de una comida de negocios o entre amigos y relajarse en un ambiente agradable en el centro de Madrid. Nos mueve el sabor y la [&hellip;]<\/p>\n","protected":false},"author":2,"featured_media":0,"parent":0,"menu_order":0,"comment_status":"closed","ping_status":"closed","template":"","meta":{"_monsterinsights_skip_tracking":false,"_monsterinsights_sitenote_active":false,"_monsterinsights_sitenote_note":"","_monsterinsights_sitenote_category":0,"footnotes":""},"class_list":["post-343","page","type-page","status-publish","hentry"],"_links":{"self":[{"href":"https:\/\/aollo.es\/en\/wp-json\/wp\/v2\/pages\/343","targetHints":{"allow":["GET"]}}],"collection":[{"href":"https:\/\/aollo.es\/en\/wp-json\/wp\/v2\/pages"}],"about":[{"href":"https:\/\/aollo.es\/en\/wp-json\/wp\/v2\/types\/page"}],"author":[{"embeddable":true,"href":"https:\/\/aollo.es\/en\/wp-json\/wp\/v2\/users\/2"}],"replies":[{"embeddable":true,"href":"https:\/\/aollo.es\/en\/wp-json\/wp\/v2\/comments?post=343"}],"version-history":[{"count":25,"href":"https:\/\/aollo.es\/en\/wp-json\/wp\/v2\/pages\/343\/revisions"}],"predecessor-version":[{"id":2522,"href":"https:\/\/aollo.es\/en\/wp-json\/wp\/v2\/pages\/343\/revisions\/2522"}],"wp:attachment":[{"href":"https:\/\/aollo.es\/en\/wp-json\/wp\/v2\/media?parent=343"}],"curies":[{"name":"wp","href":"https:\/\/api.w.org\/{rel}","templated":true}]}}